{"id":9,"date":"2025-05-30T14:19:10","date_gmt":"2025-05-30T12:19:10","guid":{"rendered":"http:\/\/epqhkef.cluster100.hosting.ovh.net\/?page_id=9"},"modified":"2025-07-26T08:50:26","modified_gmt":"2025-07-26T06:50:26","slug":"lavie-des-chats-livres-a-eux-memes-ou-errants","status":"publish","type":"page","link":"https:\/\/www.leschatsdupelerin.fr\/index.php\/lavie-des-chats-livres-a-eux-memes-ou-errants\/","title":{"rendered":"LES CHATS LIVR\u00c9S \u00c0 EUX-M\u00caMES"},"content":{"rendered":"\n<figure class=\"wp-block-image size-full\"><img loading=\"lazy\" decoding=\"async\" width=\"720\" height=\"480\" src=\"https:\/\/www.leschatsdupelerin.fr\/wp-content\/uploads\/2025\/06\/angie1-1.jpg\" alt=\"Angie, chatte abandonn\u00e9e dans la rue et qui y a v\u00e9cut de nombreuses ann\u00e9es avant de d\u00e9c\u00e9der \u00e0 l'association Les chats du P\u00e8lerin\" class=\"wp-image-147\" srcset=\"https:\/\/www.leschatsdupelerin.fr\/wp-content\/uploads\/2025\/06\/angie1-1.jpg 720w, https:\/\/www.leschatsdupelerin.fr\/wp-content\/uploads\/2025\/06\/angie1-1-300x200.jpg 300w\" sizes=\"auto, (max-width: 720px) 100vw, 720px\" \/><figcaption class=\"wp-element-caption\">Angie &#8211; Nous n&rsquo;avons rien pu faire. Elle est d\u00e9c\u00e9d\u00e9e le lendemain de son arriv\u00e9e<\/figcaption><\/figure>\n\n\n\n<blockquote class=\"wp-block-quote is-layout-flow wp-block-quote-is-layout-flow\">\n<p><em><mark style=\"background-color:rgba(0, 0, 0, 0);color:#3a10c7\" class=\"has-inline-color\"><strong>Un endroit o\u00f9 l&rsquo;on peut se nourrir sans avoir \u00e0 travailler, en paix, sans lutter contre quiconque, heureux \u00e0 tout jamais : c&rsquo;est \u00e7a le paradis.<\/strong><\/mark><\/em><\/p>\n\n\n\n<p><em><mark style=\"background-color:rgba(0, 0, 0, 0);color:#3a10c7\" class=\"has-inline-color\"><strong>Makoto Shinkai &amp; Naruki Nagakawa- (Elle et son chat)<\/strong><\/mark><\/em><\/p>\n<\/blockquote>\n\n\n\n<p>Nous avions \u00e0 c\u0153ur d&rsquo;\u00e9crire un article sur ce th\u00e8me car la m\u00e9connaissance \u00e0 ce sujet est grande. Nous entendons souvent&nbsp;: \u00ab&nbsp;un chat, il se d\u00e9brouille tr\u00e8s bien tout seul, il n&rsquo;a besoin que d&rsquo;un trou.&nbsp;\u00bb<\/p>\n\n\n\n<h5 class=\"wp-block-heading\">La vie d&rsquo;un chat errant<\/h5>\n\n\n\n<p>Contrairement aux id\u00e9es re\u00e7ues, une vie de chat errant n\u2019est ni libre, ni heureuse ! Leur quotidien est sem\u00e9 d\u2019emb\u00fbches. Chaque jour, ils doivent trouver \u00e0 manger et \u00e0 boire, se prot\u00e9ger des autres chats, des chiens et des humains qui les chassent \u00e0 coups de pieds ou de fusil. Quand ce n\u2019est pas les lapider, les br\u00fbler ou les empoisonner. Priv\u00e9s de soins, ces \u00ab sans-abri \u00bb sont aussi victimes de nombreuses maladies (FIV, leucose, typhus, coryza\u2026).<\/p>\n\n\n\n<p>Nous vous garantissons qu&rsquo;un chat ne se d\u00e9brouille pas seul et qu&rsquo;il ait \u00e9t\u00e9 l\u00e2chement abandonn\u00e9 ou qu&rsquo;il soit errant, il est en grande d\u00e9tresse et cherche de l&rsquo;aide. Les chats errants que nous recueillons sont la plupart du temps dans une souffrance extr\u00eame, voire en urgence vitale.<\/p>\n\n\n\n<p>Un chat abandonn\u00e9 ou errant sera g\u00e9n\u00e9ralement sale \u00e0 cause du manque de nourriture ou d&rsquo;eau. Il peut avoir les yeux qui coulent et est souvent prostr\u00e9 lorsque son \u00e9tat est d\u00e9grad\u00e9. Habitu\u00e9 \u00e0 \u00eatre chass\u00e9, il ne se laissera pas approcher mais restera \u00e0 proximit\u00e9 dans l&rsquo;attente de votre attention.<\/p>\n\n\n\n<p>Si un tel chat croise votre route, ne le repoussez pas. Faites preuve de compassion et d&#8217;empathie. Il vous en sera reconnaissant\u00a0! Il a le droit d&rsquo;avoir une vie meilleure.<\/p>\n\n\n\n<h5 class=\"wp-block-heading\">La compassion<\/h5>\n\n\n\n<p>Voici ce que dit <a href=\"https:\/\/greggbraden.com\/\" target=\"_blank\" rel=\"noreferrer noopener\">Gregg Braden<\/a> dans son livre \u00ab\u00a0<em>Nous ne sommes pas ce que la science a dit de nous (Page 163<\/em>)\u00a0\u00bb\u00a0:<\/p>\n\n\n\n<blockquote class=\"wp-block-quote is-layout-flow wp-block-quote-is-layout-flow\">\n<p class=\"has-text-color has-link-color wp-elements-77c8016ed0746797c146a41977514771\" style=\"color:#221ee4\"><br><em><strong>Avec la compassion, nous nous impliquons. Nous agissons pour essayer d&rsquo;all\u00e9ger la souffrance d&rsquo;autrui. Cependant, tandis que nous esp\u00e9rons que nos actions pourront contribuer \u00e0 soulager la souffrance des autres, il s&rsquo;agit moins du r\u00e9sultat lui-m\u00eame mais du changement que la compassion op\u00e8re en nous lorsque nous sommes conduits \u00e0 faire des choix. Quand ces choix sont habit\u00e9s par la compassion, celle-ci devient int\u00e9grante de nous et se refl\u00e8te dans tout ce que nous faisons.\u00a0\u00bb<\/strong><\/em><\/p>\n<\/blockquote>\n\n\n\n<h5 class=\"wp-block-heading\">A quoi ressemble un chat livr\u00e9 \u00e0 lui-m\u00eame<\/h5>\n\n\n\n<p>Vous vous demandez \u00e0 quoi peut ressembler un chat plus ou moins livr\u00e9 \u00e0 lui-m\u00eame&nbsp;? Dino et Milord ont eu de la chance dans leur malheur car une \u00e2me charitable s&rsquo;est pr\u00e9occup\u00e9e de leur sort et s&rsquo;en occupait au quotidien.  Les voici \u00e0 leur arriv\u00e9e dans notre association&nbsp;:<\/p>\n\n\n\n<figure class=\"wp-block-gallery alignwide has-nested-images columns-default is-cropped wp-block-gallery-1 is-layout-flex wp-block-gallery-is-layout-flex\">\n<figure class=\"wp-block-image size-full\"><img loading=\"lazy\" decoding=\"async\" width=\"480\" height=\"360\" data-id=\"153\" src=\"https:\/\/www.leschatsdupelerin.fr\/wp-content\/uploads\/2025\/06\/MILORD-1.jpg\" alt=\"Milord a \u00e9t\u00e9 r\u00e9cup\u00e9r\u00e9 par les Chats du P\u00e8lerin en urgence vitale apr\u00e8s des ann\u00e9es d'errance dans la rue\" class=\"wp-image-153\" srcset=\"https:\/\/www.leschatsdupelerin.fr\/wp-content\/uploads\/2025\/06\/MILORD-1.jpg 480w, https:\/\/www.leschatsdupelerin.fr\/wp-content\/uploads\/2025\/06\/MILORD-1-300x225.jpg 300w\" sizes=\"auto, (max-width: 480px) 100vw, 480px\" \/><figcaption class=\"wp-element-caption\">Milord<\/figcaption><\/figure>\n\n\n\n<figure class=\"wp-block-image size-large\"><img loading=\"lazy\" decoding=\"async\" width=\"1024\" height=\"890\" data-id=\"154\" src=\"https:\/\/www.leschatsdupelerin.fr\/wp-content\/uploads\/2025\/06\/dino-3-1024x890.jpg\" alt=\"Dino a \u00e9t\u00e9 r\u00e9cup\u00e9r\u00e9 par les Chats du P\u00e8lerin en urgence vitale apr\u00e8s des ann\u00e9es d'errance dans la rue\" class=\"wp-image-154\" srcset=\"https:\/\/www.leschatsdupelerin.fr\/wp-content\/uploads\/2025\/06\/dino-3-1024x890.jpg 1024w, https:\/\/www.leschatsdupelerin.fr\/wp-content\/uploads\/2025\/06\/dino-3-300x261.jpg 300w, https:\/\/www.leschatsdupelerin.fr\/wp-content\/uploads\/2025\/06\/dino-3-768x667.jpg 768w, https:\/\/www.leschatsdupelerin.fr\/wp-content\/uploads\/2025\/06\/dino-3-1536x1334.jpg 1536w, https:\/\/www.leschatsdupelerin.fr\/wp-content\/uploads\/2025\/06\/dino-3-2048x1779.jpg 2048w, https:\/\/www.leschatsdupelerin.fr\/wp-content\/uploads\/2025\/06\/dino-3-1200x1042.jpg 1200w, https:\/\/www.leschatsdupelerin.fr\/wp-content\/uploads\/2025\/06\/dino-3-1980x1720.jpg 1980w\" sizes=\"auto, (max-width: 1024px) 100vw, 1024px\" \/><figcaption class=\"wp-element-caption\">Dino<\/figcaption><\/figure>\n<\/figure>\n\n\n\n<p class=\"has-text-align-left has-large-font-size\">Et si vous avez besoin d&rsquo;aide et de conseils, <a href=\"https:\/\/www.leschatsdupelerin.fr\/index.php\/contact\/\" target=\"_blank\" rel=\"noreferrer noopener\">contactez-nous<\/a>\u00a0!<\/p>\n\n\n\n<p><\/p>\n","protected":false},"excerpt":{"rendered":"<p>Un endroit o\u00f9 l&rsquo;on peut se nourrir sans avoir \u00e0 travailler, en paix, sans lutter contre quiconque, heureux \u00e0 tout jamais : c&rsquo;est \u00e7a le paradis. Makoto Shinkai &amp; Naruki Nagakawa- (Elle et son chat) Nous avions \u00e0 c\u0153ur d&rsquo;\u00e9crire un article sur ce th\u00e8me car la m\u00e9connaissance \u00e0 ce sujet est grande. Nous entendons [&hellip;]<\/p>\n","protected":false},"author":1,"featured_media":0,"parent":0,"menu_order":0,"comment_status":"closed","ping_status":"closed","template":"","meta":{"footnotes":""},"class_list":["post-9","page","type-page","status-publish","hentry"],"yoast_head":"<!-- This site is optimized with the Yoast SEO plugin v27.4 - https:\/\/yoast.com\/product\/yoast-seo-wordpress\/ -->\n<title>Chats abandonn\u00e9s Conditions - Les Chats du P\u00e8lerin 71<\/title>\n<meta name=\"description\" content=\"Condition de vie des chats errants. Ils ont besoin de notre aide pour vivre. Ne d\u00e9tournons pas notre regard\" \/>\n<meta name=\"robots\" content=\"index, follow, max-snippet:-1, max-image-preview:large, max-video-preview:-1\" \/>\n<link rel=\"canonical\" href=\"https:\/\/www.leschatsdupelerin.fr\/index.php\/lavie-des-chats-livres-a-eux-memes-ou-errants\/\" \/>\n<meta property=\"og:locale\" content=\"fr_FR\" \/>\n<meta property=\"og:type\" content=\"article\" \/>\n<meta property=\"og:title\" content=\"Chats abandonn\u00e9s Conditions - Les Chats du P\u00e8lerin 71\" \/>\n<meta property=\"og:description\" content=\"Condition de vie des chats errants. Ils ont besoin de notre aide pour vivre. Ne d\u00e9tournons pas notre regard\" \/>\n<meta property=\"og:url\" content=\"https:\/\/www.leschatsdupelerin.fr\/index.php\/lavie-des-chats-livres-a-eux-memes-ou-errants\/\" \/>\n<meta property=\"og:site_name\" content=\"Les chats du P\u00e8lerin\" \/>\n<meta property=\"article:modified_time\" content=\"2025-07-26T06:50:26+00:00\" \/>\n<meta property=\"og:image\" content=\"http:\/\/www.leschatsdupelerin.fr\/wp-content\/uploads\/2025\/06\/angie1-1.jpg\" \/>\n<meta name=\"twitter:card\" content=\"summary_large_image\" \/>\n<meta name=\"twitter:label1\" content=\"Dur\u00e9e de lecture estim\u00e9e\" \/>\n\t<meta name=\"twitter:data1\" content=\"3 minutes\" \/>\n<script type=\"application\/ld+json\" class=\"yoast-schema-graph\">{\"@context\":\"https:\\\/\\\/schema.org\",\"@graph\":[{\"@type\":\"WebPage\",\"@id\":\"https:\\\/\\\/www.leschatsdupelerin.fr\\\/index.php\\\/lavie-des-chats-livres-a-eux-memes-ou-errants\\\/\",\"url\":\"https:\\\/\\\/www.leschatsdupelerin.fr\\\/index.php\\\/lavie-des-chats-livres-a-eux-memes-ou-errants\\\/\",\"name\":\"Chats abandonn\u00e9s Conditions - Les Chats du P\u00e8lerin 71\",\"isPartOf\":{\"@id\":\"https:\\\/\\\/www.leschatsdupelerin.fr\\\/#website\"},\"primaryImageOfPage\":{\"@id\":\"https:\\\/\\\/www.leschatsdupelerin.fr\\\/index.php\\\/lavie-des-chats-livres-a-eux-memes-ou-errants\\\/#primaryimage\"},\"image\":{\"@id\":\"https:\\\/\\\/www.leschatsdupelerin.fr\\\/index.php\\\/lavie-des-chats-livres-a-eux-memes-ou-errants\\\/#primaryimage\"},\"thumbnailUrl\":\"http:\\\/\\\/www.leschatsdupelerin.fr\\\/wp-content\\\/uploads\\\/2025\\\/06\\\/angie1-1.jpg\",\"datePublished\":\"2025-05-30T12:19:10+00:00\",\"dateModified\":\"2025-07-26T06:50:26+00:00\",\"description\":\"Condition de vie des chats errants. Ils ont besoin de notre aide pour vivre. Ne d\u00e9tournons pas notre regard\",\"breadcrumb\":{\"@id\":\"https:\\\/\\\/www.leschatsdupelerin.fr\\\/index.php\\\/lavie-des-chats-livres-a-eux-memes-ou-errants\\\/#breadcrumb\"},\"inLanguage\":\"fr-FR\",\"potentialAction\":[{\"@type\":\"ReadAction\",\"target\":[\"https:\\\/\\\/www.leschatsdupelerin.fr\\\/index.php\\\/lavie-des-chats-livres-a-eux-memes-ou-errants\\\/\"]}]},{\"@type\":\"ImageObject\",\"inLanguage\":\"fr-FR\",\"@id\":\"https:\\\/\\\/www.leschatsdupelerin.fr\\\/index.php\\\/lavie-des-chats-livres-a-eux-memes-ou-errants\\\/#primaryimage\",\"url\":\"http:\\\/\\\/www.leschatsdupelerin.fr\\\/wp-content\\\/uploads\\\/2025\\\/06\\\/angie1-1.jpg\",\"contentUrl\":\"http:\\\/\\\/www.leschatsdupelerin.fr\\\/wp-content\\\/uploads\\\/2025\\\/06\\\/angie1-1.jpg\"},{\"@type\":\"BreadcrumbList\",\"@id\":\"https:\\\/\\\/www.leschatsdupelerin.fr\\\/index.php\\\/lavie-des-chats-livres-a-eux-memes-ou-errants\\\/#breadcrumb\",\"itemListElement\":[{\"@type\":\"ListItem\",\"position\":1,\"name\":\"Accueil\",\"item\":\"https:\\\/\\\/www.leschatsdupelerin.fr\\\/\"},{\"@type\":\"ListItem\",\"position\":2,\"name\":\"LES CHATS LIVR\u00c9S \u00c0 EUX-M\u00caMES\"}]},{\"@type\":\"WebSite\",\"@id\":\"https:\\\/\\\/www.leschatsdupelerin.fr\\\/#website\",\"url\":\"https:\\\/\\\/www.leschatsdupelerin.fr\\\/\",\"name\":\"Les chats du P\u00e8lerin\",\"description\":\"\",\"publisher\":{\"@id\":\"https:\\\/\\\/www.leschatsdupelerin.fr\\\/#organization\"},\"potentialAction\":[{\"@type\":\"SearchAction\",\"target\":{\"@type\":\"EntryPoint\",\"urlTemplate\":\"https:\\\/\\\/www.leschatsdupelerin.fr\\\/?s={search_term_string}\"},\"query-input\":{\"@type\":\"PropertyValueSpecification\",\"valueRequired\":true,\"valueName\":\"search_term_string\"}}],\"inLanguage\":\"fr-FR\"},{\"@type\":\"Organization\",\"@id\":\"https:\\\/\\\/www.leschatsdupelerin.fr\\\/#organization\",\"name\":\"Les chats du P\u00e8lerin\",\"url\":\"https:\\\/\\\/www.leschatsdupelerin.fr\\\/\",\"logo\":{\"@type\":\"ImageObject\",\"inLanguage\":\"fr-FR\",\"@id\":\"https:\\\/\\\/www.leschatsdupelerin.fr\\\/#\\\/schema\\\/logo\\\/image\\\/\",\"url\":\"https:\\\/\\\/www.leschatsdupelerin.fr\\\/wp-content\\\/uploads\\\/2025\\\/06\\\/cropped-logo-web-les-chats-du-pelerin.png\",\"contentUrl\":\"https:\\\/\\\/www.leschatsdupelerin.fr\\\/wp-content\\\/uploads\\\/2025\\\/06\\\/cropped-logo-web-les-chats-du-pelerin.png\",\"width\":1315,\"height\":427,\"caption\":\"Les chats du P\u00e8lerin\"},\"image\":{\"@id\":\"https:\\\/\\\/www.leschatsdupelerin.fr\\\/#\\\/schema\\\/logo\\\/image\\\/\"}}]}<\/script>\n<!-- \/ Yoast SEO plugin. -->","yoast_head_json":{"title":"Chats abandonn\u00e9s Conditions - Les Chats du P\u00e8lerin 71","description":"Condition de vie des chats errants. Ils ont besoin de notre aide pour vivre. Ne d\u00e9tournons pas notre regard","robots":{"index":"index","follow":"follow","max-snippet":"max-snippet:-1","max-image-preview":"max-image-preview:large","max-video-preview":"max-video-preview:-1"},"canonical":"https:\/\/www.leschatsdupelerin.fr\/index.php\/lavie-des-chats-livres-a-eux-memes-ou-errants\/","og_locale":"fr_FR","og_type":"article","og_title":"Chats abandonn\u00e9s Conditions - Les Chats du P\u00e8lerin 71","og_description":"Condition de vie des chats errants. Ils ont besoin de notre aide pour vivre. Ne d\u00e9tournons pas notre regard","og_url":"https:\/\/www.leschatsdupelerin.fr\/index.php\/lavie-des-chats-livres-a-eux-memes-ou-errants\/","og_site_name":"Les chats du P\u00e8lerin","article_modified_time":"2025-07-26T06:50:26+00:00","og_image":[{"url":"http:\/\/www.leschatsdupelerin.fr\/wp-content\/uploads\/2025\/06\/angie1-1.jpg","type":"","width":"","height":""}],"twitter_card":"summary_large_image","twitter_misc":{"Dur\u00e9e de lecture estim\u00e9e":"3 minutes"},"schema":{"@context":"https:\/\/schema.org","@graph":[{"@type":"WebPage","@id":"https:\/\/www.leschatsdupelerin.fr\/index.php\/lavie-des-chats-livres-a-eux-memes-ou-errants\/","url":"https:\/\/www.leschatsdupelerin.fr\/index.php\/lavie-des-chats-livres-a-eux-memes-ou-errants\/","name":"Chats abandonn\u00e9s Conditions - Les Chats du P\u00e8lerin 71","isPartOf":{"@id":"https:\/\/www.leschatsdupelerin.fr\/#website"},"primaryImageOfPage":{"@id":"https:\/\/www.leschatsdupelerin.fr\/index.php\/lavie-des-chats-livres-a-eux-memes-ou-errants\/#primaryimage"},"image":{"@id":"https:\/\/www.leschatsdupelerin.fr\/index.php\/lavie-des-chats-livres-a-eux-memes-ou-errants\/#primaryimage"},"thumbnailUrl":"http:\/\/www.leschatsdupelerin.fr\/wp-content\/uploads\/2025\/06\/angie1-1.jpg","datePublished":"2025-05-30T12:19:10+00:00","dateModified":"2025-07-26T06:50:26+00:00","description":"Condition de vie des chats errants. Ils ont besoin de notre aide pour vivre. Ne d\u00e9tournons pas notre regard","breadcrumb":{"@id":"https:\/\/www.leschatsdupelerin.fr\/index.php\/lavie-des-chats-livres-a-eux-memes-ou-errants\/#breadcrumb"},"inLanguage":"fr-FR","potentialAction":[{"@type":"ReadAction","target":["https:\/\/www.leschatsdupelerin.fr\/index.php\/lavie-des-chats-livres-a-eux-memes-ou-errants\/"]}]},{"@type":"ImageObject","inLanguage":"fr-FR","@id":"https:\/\/www.leschatsdupelerin.fr\/index.php\/lavie-des-chats-livres-a-eux-memes-ou-errants\/#primaryimage","url":"http:\/\/www.leschatsdupelerin.fr\/wp-content\/uploads\/2025\/06\/angie1-1.jpg","contentUrl":"http:\/\/www.leschatsdupelerin.fr\/wp-content\/uploads\/2025\/06\/angie1-1.jpg"},{"@type":"BreadcrumbList","@id":"https:\/\/www.leschatsdupelerin.fr\/index.php\/lavie-des-chats-livres-a-eux-memes-ou-errants\/#breadcrumb","itemListElement":[{"@type":"ListItem","position":1,"name":"Accueil","item":"https:\/\/www.leschatsdupelerin.fr\/"},{"@type":"ListItem","position":2,"name":"LES CHATS LIVR\u00c9S \u00c0 EUX-M\u00caMES"}]},{"@type":"WebSite","@id":"https:\/\/www.leschatsdupelerin.fr\/#website","url":"https:\/\/www.leschatsdupelerin.fr\/","name":"Les chats du P\u00e8lerin","description":"","publisher":{"@id":"https:\/\/www.leschatsdupelerin.fr\/#organization"},"potentialAction":[{"@type":"SearchAction","target":{"@type":"EntryPoint","urlTemplate":"https:\/\/www.leschatsdupelerin.fr\/?s={search_term_string}"},"query-input":{"@type":"PropertyValueSpecification","valueRequired":true,"valueName":"search_term_string"}}],"inLanguage":"fr-FR"},{"@type":"Organization","@id":"https:\/\/www.leschatsdupelerin.fr\/#organization","name":"Les chats du P\u00e8lerin","url":"https:\/\/www.leschatsdupelerin.fr\/","logo":{"@type":"ImageObject","inLanguage":"fr-FR","@id":"https:\/\/www.leschatsdupelerin.fr\/#\/schema\/logo\/image\/","url":"https:\/\/www.leschatsdupelerin.fr\/wp-content\/uploads\/2025\/06\/cropped-logo-web-les-chats-du-pelerin.png","contentUrl":"https:\/\/www.leschatsdupelerin.fr\/wp-content\/uploads\/2025\/06\/cropped-logo-web-les-chats-du-pelerin.png","width":1315,"height":427,"caption":"Les chats du P\u00e8lerin"},"image":{"@id":"https:\/\/www.leschatsdupelerin.fr\/#\/schema\/logo\/image\/"}}]}},"_links":{"self":[{"href":"https:\/\/www.leschatsdupelerin.fr\/index.php\/wp-json\/wp\/v2\/pages\/9","targetHints":{"allow":["GET"]}}],"collection":[{"href":"https:\/\/www.leschatsdupelerin.fr\/index.php\/wp-json\/wp\/v2\/pages"}],"about":[{"href":"https:\/\/www.leschatsdupelerin.fr\/index.php\/wp-json\/wp\/v2\/types\/page"}],"author":[{"embeddable":true,"href":"https:\/\/www.leschatsdupelerin.fr\/index.php\/wp-json\/wp\/v2\/users\/1"}],"replies":[{"embeddable":true,"href":"https:\/\/www.leschatsdupelerin.fr\/index.php\/wp-json\/wp\/v2\/comments?post=9"}],"version-history":[{"count":18,"href":"https:\/\/www.leschatsdupelerin.fr\/index.php\/wp-json\/wp\/v2\/pages\/9\/revisions"}],"predecessor-version":[{"id":550,"href":"https:\/\/www.leschatsdupelerin.fr\/index.php\/wp-json\/wp\/v2\/pages\/9\/revisions\/550"}],"wp:attachment":[{"href":"https:\/\/www.leschatsdupelerin.fr\/index.php\/wp-json\/wp\/v2\/media?parent=9"}],"curies":[{"name":"wp","href":"https:\/\/api.w.org\/{rel}","templated":true}]}}