{"id":52,"date":"2025-06-01T07:41:13","date_gmt":"2025-06-01T05:41:13","guid":{"rendered":"http:\/\/epqhkef.cluster100.hosting.ovh.net\/?page_id=52"},"modified":"2025-07-27T09:38:18","modified_gmt":"2025-07-27T07:38:18","slug":"nous-soutenir","status":"publish","type":"page","link":"https:\/\/www.leschatsdupelerin.fr\/index.php\/nous-soutenir\/","title":{"rendered":"NOUS SOUTENIR"},"content":{"rendered":"<div class=\"wp-block-image\">\n<figure class=\"aligncenter size-full is-resized\"><img loading=\"lazy\" decoding=\"async\" width=\"600\" height=\"399\" src=\"https:\/\/www.leschatsdupelerin.fr\/wp-content\/uploads\/2025\/06\/PICT0194\u00a7zeb.jpg\" alt=\"Noiraud et Minnie font partie de l'association Les Chats du P\u00e8lerin. Amoureux, ils ont pass\u00e9 de nombreuses ann\u00e9es ensemble\" class=\"wp-image-174\" style=\"width:438px;height:auto\" srcset=\"https:\/\/www.leschatsdupelerin.fr\/wp-content\/uploads\/2025\/06\/PICT0194\u00a7zeb.jpg 600w, https:\/\/www.leschatsdupelerin.fr\/wp-content\/uploads\/2025\/06\/PICT0194\u00a7zeb-300x200.jpg 300w\" sizes=\"auto, (max-width: 600px) 100vw, 600px\" \/><figcaption class=\"wp-element-caption\">Noiraud et Minnie<\/figcaption><\/figure>\n<\/div>\n\n\n<p>Au vu de notre choix de nous occuper principalement des laiss\u00e9s pour compte, votre g\u00e9n\u00e9rosit\u00e9 est indispensable afin que nous puissions poursuivre notre mission.<\/p>\n\n\n\n<p>De nombreuses possibilit\u00e9s s&rsquo;offrent \u00e0 vous&nbsp;:<\/p>\n\n\n\n<h5 class=\"wp-block-heading\">Dons en nature<\/h5>\n\n\n\n<p>Par exemple, vous pouvez nous soutenir en nous offrant divers articles :<\/p>\n\n\n\n<ul class=\"wp-block-list\">\n<li>Croquettes et p\u00e2t\u00e9es chats. Par exemple, les croquettes ou p\u00e2t\u00e9es que vos chats boudent&nbsp;!<\/li>\n\n\n\n<li>Liti\u00e8re<\/li>\n\n\n\n<li>M\u00e9dicaments, vermifuges, antiparasitaires&#8230;<\/li>\n\n\n\n<li>Linges de bain<\/li>\n\n\n\n<li>Couchage en bon \u00e9tat<\/li>\n\n\n\n<li>Arbres \u00e0 chats<\/li>\n\n\n\n<li>Cages de transport<\/li>\n<\/ul>\n\n\n\n<h5 class=\"wp-block-heading\">Don financier<\/h5>\n\n\n\n<p><strong><strong><em><mark style=\"background-color:rgba(0, 0, 0, 0);color:#2a138a\" class=\"has-inline-color\">Adh\u00e9sion<\/mark><\/em><\/strong><\/strong> : La cotisation s&rsquo;\u00e9l\u00e8ve \u00e0 20 euros par ann\u00e9e.<\/p>\n\n\n\n<p><em><strong><mark style=\"background-color:rgba(0, 0, 0, 0);color:#2a138a\" class=\"has-inline-color\">Parrainer<\/mark><\/strong><\/em> : Nous avons de nombreux chats \u00e0 <a href=\"https:\/\/www.leschatsdupelerin.fr\/index.php\/parrainer\/\" target=\"_blank\" rel=\"noreferrer noopener\">parrainer<\/a>. Rendez-vous \u00e0 la rubrique qui leur est d\u00e9di\u00e9e&nbsp;! Nous vous enverrons r\u00e9guli\u00e8rement des nouvelles de vos prot\u00e9g\u00e9s.<\/p>\n\n\n\n<p><em><strong><mark style=\"background-color:rgba(0, 0, 0, 0);color:#2a138a\" class=\"has-inline-color\">Livres<\/mark><\/strong><\/em> : Mes livres, \u00ab\u00a0<a href=\"https:\/\/www.leschatsdupelerin.fr\/index.php\/par-amour\/\" target=\"_blank\" rel=\"noreferrer noopener\">Par Amour<\/a>\u00a0\u00bb et \u00ab\u00a0<a href=\"https:\/\/www.leschatsdupelerin.fr\/index.php\/au-coeur-des-chats\/\" target=\"_blank\" rel=\"noreferrer noopener\">Au c\u0153ur des chats<\/a>\u00a0\u00bb sont vendus au profit de l&rsquo;association.<\/p>\n\n\n\n<h5 class=\"wp-block-heading\">Marche \u00e0 suivre<\/h5>\n\n\n\n<p>Gr\u00e2ce \u00e0 notre adh\u00e9sion \u00e0 la <a href=\"https:\/\/www.defensedelanimal.fr\" target=\"_blank\" rel=\"noreferrer noopener\">Conf\u00e9d\u00e9ration D\u00e9fense de l&rsquo;animale<\/a>, vos dons sont d\u00e9ductibles \u00e0 hauteur de 66% de vos imp\u00f4ts sur le revenu lorsqu&rsquo;ils sont vers\u00e9s \u00e0 partir du site de la conf\u00e9d\u00e9ration.<\/p>\n\n\n\n<p>Vous avez deux options :<\/p>\n\n\n\n<p>Le plus simple est de : cliquez sur <a href=\"https:\/\/www.defensedelanimal.fr\/produit\/je-fais-un-don\/?attribute_pa_refuge=13612\" target=\"_blank\" rel=\"noreferrer noopener\"><strong>Faire un don aux Chats du P\u00e8lerin<\/strong><\/a>, ce qui vous am\u00e8nera directement sur le site de la conf\u00e9d\u00e9ration.<\/p>\n\n\n\n<p>Ou, mais plus fastidieux :<\/p>\n\n\n\n<p class=\"has-normal-font-size\">Sur le site de la <a href=\"https:\/\/www.defensedelanimal.fr\/\" target=\"_blank\" rel=\"noreferrer noopener\">Conf\u00e9d\u00e9ration<\/a>, vous choisissez l&rsquo;onglet \u00ab\u00a0Faire un don\u00a0\u00bb, puis Refuge.<\/p>\n\n\n\n<p><strong>Le menu d\u00e9roulant est class\u00e9 par d\u00e9partement. Les Chats du P\u00e8lerin sont vers la fin, sous le d\u00e9partement 71.<\/strong><\/p>\n\n\n\n<h5 class=\"wp-block-heading\">Legs<\/h5>\n\n\n\n<p>Cette int\u00e9gration permet \u00e0 notre association de recevoir des legs ou assurance-vie. Si tel devait \u00eatre votre souhait<strong>, il est imp\u00e9ratif d&rsquo;indiquer dans votre testament ou assurance-vie que le b\u00e9n\u00e9ficiaire est l&rsquo;association Les Chats du P\u00e8lerin, 476 rte du Pellerin, 71250 St Vincent des Pr\u00e9s. Sans nomination du nom du refuge, l&rsquo;ensemble de vos biens serait syst\u00e9matiquement revers\u00e9 \u00e0 la S.P.A. de Paris.<\/strong><\/p>\n\n\n\n<p>Vous pouvez aussi vous rapprocher de la <a href=\"https:\/\/www.defensedelanimal.fr\" target=\"_blank\" rel=\"noreferrer noopener\">Conf\u00e9d\u00e9ration<\/a> pour de plus amples informations.<\/p>\n\n\n\n<h5 class=\"wp-block-heading\">Ch\u00e8ques<\/h5>\n\n\n\n<p>Bien entendu, nous acceptons les ch\u00e8ques envoy\u00e9s \u00e0 notre adresse, ainsi que les virements mensuels directement sur notre compte mais dans ce cas, nous ne pourrons pas vous fournir un re\u00e7u fiscal car notre association n&rsquo;est pas reconnue d&rsquo;utilit\u00e9 publique. Seuls vos dons effectu\u00e9s par le biais de la conf\u00e9d\u00e9ration seront d\u00e9ductibles de vos imp\u00f4ts.<\/p>\n\n\n\n<h5 class=\"wp-block-heading\">Adresse postale<\/h5>\n\n\n\n<p>Les Chats du P\u00e8lerin, 476 rte du Pellerin, <strong>71250 St Vincent des Pr\u00e9s.<\/strong><\/p>\n\n\n\n<h5 class=\"wp-block-heading\">Coordonn\u00e9es bancaires<\/h5>\n\n\n\n<p>Cr\u00e9dit Agricole, 1 rue Lamartine, 71250 Cluny<\/p>\n\n\n\n<p>IBAN&nbsp; : FR76 1780 6007 0004 1084 8670 322<br>BIC\/SWIFT : AGRIFRPP878<\/p>\n\n\n\n<p><strong>Si vous souhaitez d&rsquo;autres informations, envoyez-nous un mail \u00e0 <\/strong><a href=\"mailto:leschatsdupelerin@gmail.com\" target=\"_blank\" rel=\"noreferrer noopener\">leschatsdupelerin@gmail.com<\/a><\/p>\n","protected":false},"excerpt":{"rendered":"<p>Au vu de notre choix de nous occuper principalement des laiss\u00e9s pour compte, votre g\u00e9n\u00e9rosit\u00e9 est indispensable afin que nous puissions poursuivre notre mission. De nombreuses possibilit\u00e9s s&rsquo;offrent \u00e0 vous&nbsp;: Dons en nature Par exemple, vous pouvez nous soutenir en nous offrant divers articles : Don financier Adh\u00e9sion : La cotisation s&rsquo;\u00e9l\u00e8ve \u00e0 20 euros [&hellip;]<\/p>\n","protected":false},"author":1,"featured_media":0,"parent":0,"menu_order":0,"comment_status":"closed","ping_status":"closed","template":"","meta":{"footnotes":""},"class_list":["post-52","page","type-page","status-publish","hentry"],"yoast_head":"<!-- This site is optimized with the Yoast SEO plugin v27.4 - https:\/\/yoast.com\/product\/yoast-seo-wordpress\/ -->\n<title>Soutenir Dons - Les Chats du P\u00e8lerin 71<\/title>\n<meta name=\"description\" content=\"Soutenir les chats du p\u00e8lerin par des dons en nature (nourriture) ou financiers - Adh\u00e9sion, parrainage. Dons d\u00e9fiscalis\u00e9s\" \/>\n<meta name=\"robots\" content=\"index, follow, max-snippet:-1, max-image-preview:large, max-video-preview:-1\" \/>\n<link rel=\"canonical\" href=\"https:\/\/www.leschatsdupelerin.fr\/index.php\/nous-soutenir\/\" \/>\n<meta property=\"og:locale\" content=\"fr_FR\" \/>\n<meta property=\"og:type\" content=\"article\" \/>\n<meta property=\"og:title\" content=\"Soutenir Dons - Les Chats du P\u00e8lerin 71\" \/>\n<meta property=\"og:description\" content=\"Soutenir les chats du p\u00e8lerin par des dons en nature (nourriture) ou financiers - Adh\u00e9sion, parrainage. Dons d\u00e9fiscalis\u00e9s\" \/>\n<meta property=\"og:url\" content=\"https:\/\/www.leschatsdupelerin.fr\/index.php\/nous-soutenir\/\" \/>\n<meta property=\"og:site_name\" content=\"Les chats du P\u00e8lerin\" \/>\n<meta property=\"article:modified_time\" content=\"2025-07-27T07:38:18+00:00\" \/>\n<meta name=\"twitter:card\" content=\"summary_large_image\" \/>\n<meta name=\"twitter:label1\" content=\"Dur\u00e9e de lecture estim\u00e9e\" \/>\n\t<meta name=\"twitter:data1\" content=\"3 minutes\" \/>\n<script type=\"application\/ld+json\" class=\"yoast-schema-graph\">{\"@context\":\"https:\\\/\\\/schema.org\",\"@graph\":[{\"@type\":\"WebPage\",\"@id\":\"https:\\\/\\\/www.leschatsdupelerin.fr\\\/index.php\\\/nous-soutenir\\\/\",\"url\":\"https:\\\/\\\/www.leschatsdupelerin.fr\\\/index.php\\\/nous-soutenir\\\/\",\"name\":\"Soutenir Dons - Les Chats du P\u00e8lerin 71\",\"isPartOf\":{\"@id\":\"https:\\\/\\\/www.leschatsdupelerin.fr\\\/#website\"},\"datePublished\":\"2025-06-01T05:41:13+00:00\",\"dateModified\":\"2025-07-27T07:38:18+00:00\",\"description\":\"Soutenir les chats du p\u00e8lerin par des dons en nature (nourriture) ou financiers - Adh\u00e9sion, parrainage. Dons d\u00e9fiscalis\u00e9s\",\"breadcrumb\":{\"@id\":\"https:\\\/\\\/www.leschatsdupelerin.fr\\\/index.php\\\/nous-soutenir\\\/#breadcrumb\"},\"inLanguage\":\"fr-FR\",\"potentialAction\":[{\"@type\":\"ReadAction\",\"target\":[\"https:\\\/\\\/www.leschatsdupelerin.fr\\\/index.php\\\/nous-soutenir\\\/\"]}]},{\"@type\":\"BreadcrumbList\",\"@id\":\"https:\\\/\\\/www.leschatsdupelerin.fr\\\/index.php\\\/nous-soutenir\\\/#breadcrumb\",\"itemListElement\":[{\"@type\":\"ListItem\",\"position\":1,\"name\":\"Accueil\",\"item\":\"https:\\\/\\\/www.leschatsdupelerin.fr\\\/\"},{\"@type\":\"ListItem\",\"position\":2,\"name\":\"NOUS SOUTENIR\"}]},{\"@type\":\"WebSite\",\"@id\":\"https:\\\/\\\/www.leschatsdupelerin.fr\\\/#website\",\"url\":\"https:\\\/\\\/www.leschatsdupelerin.fr\\\/\",\"name\":\"Les chats du P\u00e8lerin\",\"description\":\"\",\"publisher\":{\"@id\":\"https:\\\/\\\/www.leschatsdupelerin.fr\\\/#organization\"},\"potentialAction\":[{\"@type\":\"SearchAction\",\"target\":{\"@type\":\"EntryPoint\",\"urlTemplate\":\"https:\\\/\\\/www.leschatsdupelerin.fr\\\/?s={search_term_string}\"},\"query-input\":{\"@type\":\"PropertyValueSpecification\",\"valueRequired\":true,\"valueName\":\"search_term_string\"}}],\"inLanguage\":\"fr-FR\"},{\"@type\":\"Organization\",\"@id\":\"https:\\\/\\\/www.leschatsdupelerin.fr\\\/#organization\",\"name\":\"Les chats du P\u00e8lerin\",\"url\":\"https:\\\/\\\/www.leschatsdupelerin.fr\\\/\",\"logo\":{\"@type\":\"ImageObject\",\"inLanguage\":\"fr-FR\",\"@id\":\"https:\\\/\\\/www.leschatsdupelerin.fr\\\/#\\\/schema\\\/logo\\\/image\\\/\",\"url\":\"https:\\\/\\\/www.leschatsdupelerin.fr\\\/wp-content\\\/uploads\\\/2025\\\/06\\\/cropped-logo-web-les-chats-du-pelerin.png\",\"contentUrl\":\"https:\\\/\\\/www.leschatsdupelerin.fr\\\/wp-content\\\/uploads\\\/2025\\\/06\\\/cropped-logo-web-les-chats-du-pelerin.png\",\"width\":1315,\"height\":427,\"caption\":\"Les chats du P\u00e8lerin\"},\"image\":{\"@id\":\"https:\\\/\\\/www.leschatsdupelerin.fr\\\/#\\\/schema\\\/logo\\\/image\\\/\"}}]}<\/script>\n<!-- \/ Yoast SEO plugin. -->","yoast_head_json":{"title":"Soutenir Dons - Les Chats du P\u00e8lerin 71","description":"Soutenir les chats du p\u00e8lerin par des dons en nature (nourriture) ou financiers - Adh\u00e9sion, parrainage. Dons d\u00e9fiscalis\u00e9s","robots":{"index":"index","follow":"follow","max-snippet":"max-snippet:-1","max-image-preview":"max-image-preview:large","max-video-preview":"max-video-preview:-1"},"canonical":"https:\/\/www.leschatsdupelerin.fr\/index.php\/nous-soutenir\/","og_locale":"fr_FR","og_type":"article","og_title":"Soutenir Dons - Les Chats du P\u00e8lerin 71","og_description":"Soutenir les chats du p\u00e8lerin par des dons en nature (nourriture) ou financiers - Adh\u00e9sion, parrainage. Dons d\u00e9fiscalis\u00e9s","og_url":"https:\/\/www.leschatsdupelerin.fr\/index.php\/nous-soutenir\/","og_site_name":"Les chats du P\u00e8lerin","article_modified_time":"2025-07-27T07:38:18+00:00","twitter_card":"summary_large_image","twitter_misc":{"Dur\u00e9e de lecture estim\u00e9e":"3 minutes"},"schema":{"@context":"https:\/\/schema.org","@graph":[{"@type":"WebPage","@id":"https:\/\/www.leschatsdupelerin.fr\/index.php\/nous-soutenir\/","url":"https:\/\/www.leschatsdupelerin.fr\/index.php\/nous-soutenir\/","name":"Soutenir Dons - Les Chats du P\u00e8lerin 71","isPartOf":{"@id":"https:\/\/www.leschatsdupelerin.fr\/#website"},"datePublished":"2025-06-01T05:41:13+00:00","dateModified":"2025-07-27T07:38:18+00:00","description":"Soutenir les chats du p\u00e8lerin par des dons en nature (nourriture) ou financiers - Adh\u00e9sion, parrainage. Dons d\u00e9fiscalis\u00e9s","breadcrumb":{"@id":"https:\/\/www.leschatsdupelerin.fr\/index.php\/nous-soutenir\/#breadcrumb"},"inLanguage":"fr-FR","potentialAction":[{"@type":"ReadAction","target":["https:\/\/www.leschatsdupelerin.fr\/index.php\/nous-soutenir\/"]}]},{"@type":"BreadcrumbList","@id":"https:\/\/www.leschatsdupelerin.fr\/index.php\/nous-soutenir\/#breadcrumb","itemListElement":[{"@type":"ListItem","position":1,"name":"Accueil","item":"https:\/\/www.leschatsdupelerin.fr\/"},{"@type":"ListItem","position":2,"name":"NOUS SOUTENIR"}]},{"@type":"WebSite","@id":"https:\/\/www.leschatsdupelerin.fr\/#website","url":"https:\/\/www.leschatsdupelerin.fr\/","name":"Les chats du P\u00e8lerin","description":"","publisher":{"@id":"https:\/\/www.leschatsdupelerin.fr\/#organization"},"potentialAction":[{"@type":"SearchAction","target":{"@type":"EntryPoint","urlTemplate":"https:\/\/www.leschatsdupelerin.fr\/?s={search_term_string}"},"query-input":{"@type":"PropertyValueSpecification","valueRequired":true,"valueName":"search_term_string"}}],"inLanguage":"fr-FR"},{"@type":"Organization","@id":"https:\/\/www.leschatsdupelerin.fr\/#organization","name":"Les chats du P\u00e8lerin","url":"https:\/\/www.leschatsdupelerin.fr\/","logo":{"@type":"ImageObject","inLanguage":"fr-FR","@id":"https:\/\/www.leschatsdupelerin.fr\/#\/schema\/logo\/image\/","url":"https:\/\/www.leschatsdupelerin.fr\/wp-content\/uploads\/2025\/06\/cropped-logo-web-les-chats-du-pelerin.png","contentUrl":"https:\/\/www.leschatsdupelerin.fr\/wp-content\/uploads\/2025\/06\/cropped-logo-web-les-chats-du-pelerin.png","width":1315,"height":427,"caption":"Les chats du P\u00e8lerin"},"image":{"@id":"https:\/\/www.leschatsdupelerin.fr\/#\/schema\/logo\/image\/"}}]}},"_links":{"self":[{"href":"https:\/\/www.leschatsdupelerin.fr\/index.php\/wp-json\/wp\/v2\/pages\/52","targetHints":{"allow":["GET"]}}],"collection":[{"href":"https:\/\/www.leschatsdupelerin.fr\/index.php\/wp-json\/wp\/v2\/pages"}],"about":[{"href":"https:\/\/www.leschatsdupelerin.fr\/index.php\/wp-json\/wp\/v2\/types\/page"}],"author":[{"embeddable":true,"href":"https:\/\/www.leschatsdupelerin.fr\/index.php\/wp-json\/wp\/v2\/users\/1"}],"replies":[{"embeddable":true,"href":"https:\/\/www.leschatsdupelerin.fr\/index.php\/wp-json\/wp\/v2\/comments?post=52"}],"version-history":[{"count":24,"href":"https:\/\/www.leschatsdupelerin.fr\/index.php\/wp-json\/wp\/v2\/pages\/52\/revisions"}],"predecessor-version":[{"id":676,"href":"https:\/\/www.leschatsdupelerin.fr\/index.php\/wp-json\/wp\/v2\/pages\/52\/revisions\/676"}],"wp:attachment":[{"href":"https:\/\/www.leschatsdupelerin.fr\/index.php\/wp-json\/wp\/v2\/media?parent=52"}],"curies":[{"name":"wp","href":"https:\/\/api.w.org\/{rel}","templated":true}]}}